{"id":13209,"date":"2022-08-17T16:24:53","date_gmt":"2022-08-17T16:24:53","guid":{"rendered":"https:\/\/pontoaautomoveis.com.br\/site\/produto\/320ia-modern-sport-tb-2-0-a-flex-gp-4p\/"},"modified":"2026-01-23T20:40:00","modified_gmt":"2026-01-23T20:40:00","slug":"320ia-modern-sport-tb-2-0-a-flex-gp-4p","status":"publish","type":"product","link":"https:\/\/pontoaautomoveis.com.br\/site\/produto\/320ia-modern-sport-tb-2-0-a-flex-gp-4p\/","title":{"rendered":"320iA Modern Sport TB 2.0 A.Flex GP 4p"},"content":{"rendered":"<p><strong>Opcionais<\/strong>: <br \/>Airbag motorista<br \/>Airbag passageiro<br \/>Ar Condicionado Digital<br \/>Banco do Motorista com regulagem de altura<br \/>Bancos de Couro<br \/>Bot\u00e3o Start\/Stop<br \/>Chave C\u00f3pia<br \/>Chave de Presen\u00e7a<br \/>Computador de Bordo<br \/>Controle de estabilidade<br \/>Controle de som no volante<br \/>Controle de tra\u00e7\u00e3o<br \/>Desemba\u00e7ador Traseiro<br \/>Dire\u00e7\u00e3o El\u00e9trica<br \/>Far\u00f3is de neblina dianteiros<br \/>Farol xen\u00f4nio<br \/>Freios ABS<br \/>GPS<br \/>IPVA pago<br \/>Kit Multim\u00eddia<br \/>Manual do propriet\u00e1rio<br \/>Parachoque na Cor<br \/>Piloto Autom\u00e1tico<br \/>Porta copos<br \/>R\u00e1dio com Bluetooth<br \/>R\u00e1dio com entrada USB<br \/>Retrovisor fotocr\u00f4mico<br \/>Retrovisores el\u00e9tricos<br \/>Revisado concession\u00e1ria<br \/>Rodas de liga leve<br \/>Sensor de chuva<br \/>Sensor de estacionamento<br \/>Travas El\u00e9tricas<br \/>Vidros el\u00e9tricos<\/p>\n","protected":false},"excerpt":{"rendered":"<p>Opcionais: Airbag motoristaAirbag passageiroAr Condicionado DigitalBanco do Motorista com regulagem de alturaBancos de CouroBot&atilde;o Start\/StopChave C&oacute;piaChave de Presen&ccedil;aComputador de BordoControle de estabilidadeControle de som no volanteControle de tra&ccedil;&atilde;oDesemba&ccedil;ador TraseiroDire&ccedil;&atilde;o El&eacute;tricaFar&oacute;is de neblina dianteirosFarol xen&ocirc;nioFreios ABSGPSIPVA [&hellip;]<\/p>\n","protected":false},"featured_media":27431,"template":"","meta":{"_cloudinary_featured_overwrite":false},"product_cat":[15],"product_tag":[],"class_list":{"0":"post-13209","1":"product","2":"type-product","3":"status-publish","4":"has-post-thumbnail","6":"product_cat-carros","7":"pa_ano-18","8":"pa_cambio-automatico","9":"pa_combustivel-flex","10":"pa_cor-preta","11":"pa_km-598","12":"pa_marca-bmw","13":"pa_modelo-320ia-modern-sport-tb-2-0-a-flex-gp-4p","14":"pa_placa-fzz-6036","15":"pa_portas-26","17":"first","18":"instock","19":"shipping-taxable","20":"purchasable","21":"product-type-simple"},"_links":{"self":[{"href":"https:\/\/pontoaautomoveis.com.br\/site\/wp-json\/wp\/v2\/product\/13209","targetHints":{"allow":["GET"]}}],"collection":[{"href":"https:\/\/pontoaautomoveis.com.br\/site\/wp-json\/wp\/v2\/product"}],"about":[{"href":"https:\/\/pontoaautomoveis.com.br\/site\/wp-json\/wp\/v2\/types\/product"}],"wp:featuredmedia":[{"embeddable":true,"href":"https:\/\/pontoaautomoveis.com.br\/site\/wp-json\/wp\/v2\/media\/27431"}],"wp:attachment":[{"href":"https:\/\/pontoaautomoveis.com.br\/site\/wp-json\/wp\/v2\/media?parent=13209"}],"wp:term":[{"taxonomy":"product_cat","embeddable":true,"href":"https:\/\/pontoaautomoveis.com.br\/site\/wp-json\/wp\/v2\/product_cat?post=13209"},{"taxonomy":"product_tag","embeddable":true,"href":"https:\/\/pontoaautomoveis.com.br\/site\/wp-json\/wp\/v2\/product_tag?post=13209"}],"curies":[{"name":"wp","href":"https:\/\/api.w.org\/{rel}","templated":true}]}}