{"id":23040,"date":"2024-09-20T15:32:49","date_gmt":"2024-09-20T15:32:49","guid":{"rendered":"https:\/\/pontoaautomoveis.com.br\/site\/produto\/c-250-avantgarde-2-0-tb-211cv-aut\/"},"modified":"2026-02-04T15:36:30","modified_gmt":"2026-02-04T15:36:30","slug":"c-250-avantgarde-2-0-tb-211cv-aut","status":"publish","type":"product","link":"https:\/\/pontoaautomoveis.com.br\/site\/produto\/c-250-avantgarde-2-0-tb-211cv-aut\/","title":{"rendered":"C-250 Avantgarde 2.0 TB 211cv Aut."},"content":{"rendered":"<p><strong>Opcionais<\/strong>: <br \/>Airbag motorista<br \/>Airbag passageiro<br \/>Alarme<br \/>Ar Condicionado Digital<br \/>Banco do motorista el\u00e9trico<br \/>Bancos de Couro<br \/>Bancos dianteiros com aquecimento<br \/>Bot\u00e3o Start\/Stop<br \/>C\u00e2mera de R\u00e9<br \/>Chave de Presen\u00e7a<br \/>Computador de Bordo<br \/>Controle de estabilidade<br \/>Controle de som no volante<br \/>Controle de tra\u00e7\u00e3o<br \/>Desemba\u00e7ador Traseiro<br \/>Destravamento remoto do porta malas<br \/>Dire\u00e7\u00e3o El\u00e9trica<br \/>Distribui\u00e7\u00e3o eletr\u00f4nica de frenagem<br \/>Espelhamento tela celular<br \/>Far\u00f3is com refletores duplos<br \/>Far\u00f3is de neblina dianteiros<br \/>Farol xen\u00f4nio<br \/>Freios ABS<br \/>GPS<br \/>IPVA pago<br \/>Isofix<br \/>Kit Multim\u00eddia<br \/>Limitador de velocidade<br \/>Manual do propriet\u00e1rio<br \/>Painel colorido<br \/>Parachoque na Cor<br \/>Piloto Autom\u00e1tico<br \/>Porta copos<br \/>Porta luvas climatizado<br \/>R\u00e1dio AM\/FM<br \/>R\u00e1dio com Bluetooth<br \/>R\u00e1dio com entrada USB<br \/>Regulagem de altura far\u00f3is<br \/>Repetidores laterais das luzes de dire\u00e7\u00e3o<br \/>Retrovisor fotocr\u00f4mico<br \/>Retrovisores el\u00e9tricos<br \/>Revisado concession\u00e1ria<br \/>Rodas de liga leve<br \/>Sensor de chuva<br \/>Sensor de estacionamento<br \/>Servi\u00e7o de concierge<br \/>Teto Solar<br \/>Trava central portas<br \/>Travas El\u00e9tricas<br \/>Turbo<br \/>\u00danico Dono<br \/>Vidros el\u00e9tricos<br \/>Volante multifuncional<\/p>\n","protected":false},"excerpt":{"rendered":"<p>Opcionais: Airbag motoristaAirbag passageiroAlarmeAr Condicionado DigitalBanco do motorista el&eacute;tricoBancos de CouroBancos dianteiros com aquecimentoBot&atilde;o Start\/StopC&acirc;mera de R&eacute;Chave de Presen&ccedil;aComputador de BordoControle de estabilidadeControle de som no volanteControle de tra&ccedil;&atilde;oDesemba&ccedil;ador TraseiroDestravamento remoto do porta malasDire&ccedil;&atilde;o El&eacute;tricaDistribui&ccedil;&atilde;o [&hellip;]<\/p>\n","protected":false},"featured_media":27636,"template":"","meta":{"_cloudinary_featured_overwrite":false},"product_cat":[15],"product_tag":[],"class_list":{"0":"post-23040","1":"product","2":"type-product","3":"status-publish","4":"has-post-thumbnail","6":"product_cat-carros","7":"pa_ano-153","8":"pa_combustivel-gasolina","9":"pa_cor-cinza","10":"pa_km-455","11":"pa_marca-mercedes-benz","12":"pa_modelo-c-250-avantgarde-2-0-tb-211cv-aut","13":"pa_placa-fod-4d16","14":"pa_portas-26","16":"first","17":"instock","18":"shipping-taxable","19":"purchasable","20":"product-type-simple"},"_links":{"self":[{"href":"https:\/\/pontoaautomoveis.com.br\/site\/wp-json\/wp\/v2\/product\/23040","targetHints":{"allow":["GET"]}}],"collection":[{"href":"https:\/\/pontoaautomoveis.com.br\/site\/wp-json\/wp\/v2\/product"}],"about":[{"href":"https:\/\/pontoaautomoveis.com.br\/site\/wp-json\/wp\/v2\/types\/product"}],"wp:featuredmedia":[{"embeddable":true,"href":"https:\/\/pontoaautomoveis.com.br\/site\/wp-json\/wp\/v2\/media\/27636"}],"wp:attachment":[{"href":"https:\/\/pontoaautomoveis.com.br\/site\/wp-json\/wp\/v2\/media?parent=23040"}],"wp:term":[{"taxonomy":"product_cat","embeddable":true,"href":"https:\/\/pontoaautomoveis.com.br\/site\/wp-json\/wp\/v2\/product_cat?post=23040"},{"taxonomy":"product_tag","embeddable":true,"href":"https:\/\/pontoaautomoveis.com.br\/site\/wp-json\/wp\/v2\/product_tag?post=23040"}],"curies":[{"name":"wp","href":"https:\/\/api.w.org\/{rel}","templated":true}]}}