{"id":26333,"date":"2025-09-03T16:24:11","date_gmt":"2025-09-03T16:24:11","guid":{"rendered":"https:\/\/pontoaautomoveis.com.br\/site\/produto\/meriva-maxx-1-4-mpfi-8v-econoflex-5p\/"},"modified":"2026-03-12T11:29:07","modified_gmt":"2026-03-12T11:29:07","slug":"meriva-maxx-1-4-mpfi-8v-econoflex-5p","status":"publish","type":"product","link":"https:\/\/pontoaautomoveis.com.br\/site\/produto\/meriva-maxx-1-4-mpfi-8v-econoflex-5p\/","title":{"rendered":"Meriva Maxx 1.4 MPFI 8V ECONOFLEX 5p"},"content":{"rendered":"<p><strong>Opcionais<\/strong>: <br \/>Ar Condicionado<br \/>Banco do Motorista com regulagem de altura<br \/>Desemba\u00e7ador Traseiro<br \/>Dire\u00e7\u00e3o Hidr\u00e1ulica<br \/>Travas El\u00e9tricas<br \/>Vidros el\u00e9tricos<\/p>\n","protected":false},"excerpt":{"rendered":"<p>gnv<\/p>\n","protected":false},"featured_media":28108,"template":"","meta":{"_cloudinary_featured_overwrite":false},"product_cat":[15],"product_tag":[],"class_list":{"0":"post-26333","1":"product","2":"type-product","3":"status-publish","4":"has-post-thumbnail","6":"product_cat-carros","7":"pa_ano-108","8":"pa_cambio-manual","9":"pa_combustivel-gnv-flex","10":"pa_cor-prata","11":"pa_km-724","12":"pa_marca-chevrolet","13":"pa_modelo-meriva-maxx-1-4-mpfi-8v-econoflex-5p","14":"pa_placa-nqz-6h96","15":"pa_portas-26","17":"first","18":"instock","19":"shipping-taxable","20":"purchasable","21":"product-type-simple"},"_links":{"self":[{"href":"https:\/\/pontoaautomoveis.com.br\/site\/wp-json\/wp\/v2\/product\/26333","targetHints":{"allow":["GET"]}}],"collection":[{"href":"https:\/\/pontoaautomoveis.com.br\/site\/wp-json\/wp\/v2\/product"}],"about":[{"href":"https:\/\/pontoaautomoveis.com.br\/site\/wp-json\/wp\/v2\/types\/product"}],"wp:featuredmedia":[{"embeddable":true,"href":"https:\/\/pontoaautomoveis.com.br\/site\/wp-json\/wp\/v2\/media\/28108"}],"wp:attachment":[{"href":"https:\/\/pontoaautomoveis.com.br\/site\/wp-json\/wp\/v2\/media?parent=26333"}],"wp:term":[{"taxonomy":"product_cat","embeddable":true,"href":"https:\/\/pontoaautomoveis.com.br\/site\/wp-json\/wp\/v2\/product_cat?post=26333"},{"taxonomy":"product_tag","embeddable":true,"href":"https:\/\/pontoaautomoveis.com.br\/site\/wp-json\/wp\/v2\/product_tag?post=26333"}],"curies":[{"name":"wp","href":"https:\/\/api.w.org\/{rel}","templated":true}]}}