{"id":26472,"date":"2025-09-25T15:17:31","date_gmt":"2025-09-25T15:17:31","guid":{"rendered":"https:\/\/pontoaautomoveis.com.br\/site\/produto\/strada-freedom-1-3-flex-8v-cs-plus\/"},"modified":"2025-09-25T15:17:34","modified_gmt":"2025-09-25T15:17:34","slug":"strada-freedom-1-3-flex-8v-cs-plus","status":"publish","type":"product","link":"https:\/\/pontoaautomoveis.com.br\/site\/produto\/strada-freedom-1-3-flex-8v-cs-plus\/","title":{"rendered":"Strada Freedom 1.3 Flex 8V  CS Plus"},"content":{"rendered":"<p><strong>Opcionais<\/strong>: <br \/>Airbag motorista<br \/>Airbag passageiro<br \/>Alarme<br \/>Ar Condicionado<br \/>Ar Quente<br \/>Banco do Motorista com regulagem de altura<br \/>Computador de Bordo<br \/>Controle de som no volante<br \/>Dire\u00e7\u00e3o Hidr\u00e1ulica<br \/>Freios ABS<br \/>Rodas de liga leve<br \/>Travas El\u00e9tricas<br \/>Vidros el\u00e9tricos<\/p>\n","protected":false},"excerpt":{"rendered":"<p>Opcionais: Airbag motoristaAirbag passageiroAlarmeAr CondicionadoAr QuenteBanco do Motorista com regulagem de alturaComputador de BordoControle de som no volanteDire&ccedil;&atilde;o Hidr&aacute;ulicaFreios ABSRodas de liga leveTravas El&eacute;tricasVidros el&eacute;tricos<\/p>\n","protected":false},"featured_media":26471,"template":"","meta":{"_cloudinary_featured_overwrite":false},"product_cat":[15],"product_tag":[],"class_list":{"0":"post-26472","1":"product","2":"type-product","3":"status-publish","4":"has-post-thumbnail","6":"product_cat-carros","7":"pa_ano-565","8":"pa_cambio-manual","9":"pa_combustivel-flex","10":"pa_cor-preta","11":"pa_km-1279","12":"pa_marca-fiat","13":"pa_modelo-strada-freedom-1-3-flex-8v-cs-plus","14":"pa_placa-geb-9i97","15":"pa_portas-26","17":"first","18":"instock","19":"shipping-taxable","20":"purchasable","21":"product-type-simple"},"_links":{"self":[{"href":"https:\/\/pontoaautomoveis.com.br\/site\/wp-json\/wp\/v2\/product\/26472","targetHints":{"allow":["GET"]}}],"collection":[{"href":"https:\/\/pontoaautomoveis.com.br\/site\/wp-json\/wp\/v2\/product"}],"about":[{"href":"https:\/\/pontoaautomoveis.com.br\/site\/wp-json\/wp\/v2\/types\/product"}],"wp:featuredmedia":[{"embeddable":true,"href":"https:\/\/pontoaautomoveis.com.br\/site\/wp-json\/wp\/v2\/media\/26471"}],"wp:attachment":[{"href":"https:\/\/pontoaautomoveis.com.br\/site\/wp-json\/wp\/v2\/media?parent=26472"}],"wp:term":[{"taxonomy":"product_cat","embeddable":true,"href":"https:\/\/pontoaautomoveis.com.br\/site\/wp-json\/wp\/v2\/product_cat?post=26472"},{"taxonomy":"product_tag","embeddable":true,"href":"https:\/\/pontoaautomoveis.com.br\/site\/wp-json\/wp\/v2\/product_tag?post=26472"}],"curies":[{"name":"wp","href":"https:\/\/api.w.org\/{rel}","templated":true}]}}