{"id":26483,"date":"2025-09-25T15:20:46","date_gmt":"2025-09-25T15:20:46","guid":{"rendered":"https:\/\/pontoaautomoveis.com.br\/site\/produto\/fiesta-1-6-8v-flex-class-1-6-8v-flex-5p\/"},"modified":"2025-09-25T15:20:47","modified_gmt":"2025-09-25T15:20:47","slug":"fiesta-1-6-8v-flex-class-1-6-8v-flex-5p","status":"publish","type":"product","link":"https:\/\/pontoaautomoveis.com.br\/site\/produto\/fiesta-1-6-8v-flex-class-1-6-8v-flex-5p\/","title":{"rendered":"Fiesta 1.6 8V Flex Class 1.6 8V Flex 5p"},"content":{"rendered":"<p><strong>Opcionais<\/strong>: <br \/>Ar Condicionado<br \/>Dire\u00e7\u00e3o Hidr\u00e1ulica<br \/>Porta copos<br \/>Travas El\u00e9tricas<br \/>Vidros el\u00e9tricos<\/p>\n","protected":false},"excerpt":{"rendered":"<p>Opcionais: Ar CondicionadoDire&ccedil;&atilde;o Hidr&aacute;ulicaPorta coposTravas El&eacute;tricasVidros el&eacute;tricos<\/p>\n","protected":false},"featured_media":26482,"template":"","meta":{"_cloudinary_featured_overwrite":false},"product_cat":[15],"product_tag":[],"class_list":{"0":"post-26483","1":"product","2":"type-product","3":"status-publish","4":"has-post-thumbnail","6":"product_cat-carros","7":"pa_ano-112","8":"pa_cambio-manual","9":"pa_combustivel-flex","10":"pa_cor-prata","11":"pa_km-1983","12":"pa_marca-ford","13":"pa_modelo-fiesta-1-6-8v-flex-class-1-6-8v-flex-5p","14":"pa_placa-fdu-7i24","15":"pa_portas-26","17":"first","18":"instock","19":"shipping-taxable","20":"purchasable","21":"product-type-simple"},"_links":{"self":[{"href":"https:\/\/pontoaautomoveis.com.br\/site\/wp-json\/wp\/v2\/product\/26483","targetHints":{"allow":["GET"]}}],"collection":[{"href":"https:\/\/pontoaautomoveis.com.br\/site\/wp-json\/wp\/v2\/product"}],"about":[{"href":"https:\/\/pontoaautomoveis.com.br\/site\/wp-json\/wp\/v2\/types\/product"}],"wp:featuredmedia":[{"embeddable":true,"href":"https:\/\/pontoaautomoveis.com.br\/site\/wp-json\/wp\/v2\/media\/26482"}],"wp:attachment":[{"href":"https:\/\/pontoaautomoveis.com.br\/site\/wp-json\/wp\/v2\/media?parent=26483"}],"wp:term":[{"taxonomy":"product_cat","embeddable":true,"href":"https:\/\/pontoaautomoveis.com.br\/site\/wp-json\/wp\/v2\/product_cat?post=26483"},{"taxonomy":"product_tag","embeddable":true,"href":"https:\/\/pontoaautomoveis.com.br\/site\/wp-json\/wp\/v2\/product_tag?post=26483"}],"curies":[{"name":"wp","href":"https:\/\/api.w.org\/{rel}","templated":true}]}}