{"id":26593,"date":"2025-10-01T19:15:50","date_gmt":"2025-10-01T19:15:50","guid":{"rendered":"https:\/\/pontoaautomoveis.com.br\/site\/produto\/kwid-intense-1-0-flex-12v-5p-mec\/"},"modified":"2026-03-26T12:54:06","modified_gmt":"2026-03-26T12:54:06","slug":"kwid-intense-1-0-flex-12v-5p-mec","status":"publish","type":"product","link":"https:\/\/pontoaautomoveis.com.br\/site\/produto\/kwid-intense-1-0-flex-12v-5p-mec\/","title":{"rendered":"KWID Intense 1.0 Flex 12V 5p Mec."},"content":{"rendered":"<p><strong>Opcionais<\/strong>: <br \/>Airbag motorista<br \/>Airbag passageiro<br \/>Ar Condicionado<br \/>Dire\u00e7\u00e3o Hidr\u00e1ulica<br \/>Engate de Carretinha<br \/>Far\u00f3is de neblina dianteiros<br \/>Freios ABS<br \/>Isofix<br \/>Kit Multim\u00eddia<br \/>Porta copos<br \/>Travas El\u00e9tricas<br \/>Vidros el\u00e9tricos<\/p>\n","protected":false},"excerpt":{"rendered":"<p>O melhor custo\/benef\u00edcio, n\u00e3o gasta nada!!! ideal para uso com aplicativos!!!!<br \/>\n*laudo cautelar aprovado com apontamentos*<\/p>\n","protected":false},"featured_media":28237,"template":"","meta":{"_cloudinary_featured_overwrite":false},"product_cat":[15],"product_tag":[],"class_list":{"0":"post-26593","1":"product","2":"type-product","3":"status-publish","4":"has-post-thumbnail","6":"product_cat-carros","7":"pa_ano-322","8":"pa_cambio-manual","9":"pa_combustivel-flex","10":"pa_cor-branca","11":"pa_km-431","12":"pa_marca-renault","13":"pa_modelo-kwid-intense-1-0-flex-12v-5p-mec","14":"pa_placa-end-0i30","15":"pa_portas-26","17":"first","18":"instock","19":"shipping-taxable","20":"purchasable","21":"product-type-simple"},"_links":{"self":[{"href":"https:\/\/pontoaautomoveis.com.br\/site\/wp-json\/wp\/v2\/product\/26593","targetHints":{"allow":["GET"]}}],"collection":[{"href":"https:\/\/pontoaautomoveis.com.br\/site\/wp-json\/wp\/v2\/product"}],"about":[{"href":"https:\/\/pontoaautomoveis.com.br\/site\/wp-json\/wp\/v2\/types\/product"}],"wp:featuredmedia":[{"embeddable":true,"href":"https:\/\/pontoaautomoveis.com.br\/site\/wp-json\/wp\/v2\/media\/28237"}],"wp:attachment":[{"href":"https:\/\/pontoaautomoveis.com.br\/site\/wp-json\/wp\/v2\/media?parent=26593"}],"wp:term":[{"taxonomy":"product_cat","embeddable":true,"href":"https:\/\/pontoaautomoveis.com.br\/site\/wp-json\/wp\/v2\/product_cat?post=26593"},{"taxonomy":"product_tag","embeddable":true,"href":"https:\/\/pontoaautomoveis.com.br\/site\/wp-json\/wp\/v2\/product_tag?post=26593"}],"curies":[{"name":"wp","href":"https:\/\/api.w.org\/{rel}","templated":true}]}}