{"id":27001,"date":"2025-11-24T19:17:01","date_gmt":"2025-11-24T19:17:01","guid":{"rendered":"https:\/\/pontoaautomoveis.com.br\/site\/produto\/ecosport-4wd-2-0-2-0-flex-16v-5p\/"},"modified":"2025-11-24T19:17:05","modified_gmt":"2025-11-24T19:17:05","slug":"ecosport-4wd-2-0-2-0-flex-16v-5p","status":"publish","type":"product","link":"https:\/\/pontoaautomoveis.com.br\/site\/produto\/ecosport-4wd-2-0-2-0-flex-16v-5p\/","title":{"rendered":"EcoSport 4WD 2.0  2.0 Flex 16V 5p"},"content":{"rendered":"<p><strong>Opcionais<\/strong>: <br \/>Airbag motorista<br \/>Airbag passageiro<br \/>Alarme<br \/>Ar Condicionado<br \/>Dire\u00e7\u00e3o Hidr\u00e1ulica<br \/>Freios ABS<br \/>R\u00e1dio AM\/FM<br \/>Travas El\u00e9tricas<br \/>Vidros el\u00e9tricos<\/p>\n","protected":false},"excerpt":{"rendered":"<p>ATEN\u00c7\u00c3O !!!! VE\u00cdCULO 4X4 RARIDADE!! MAIS BARATO QUE JEEP WILLYS !!!!!<\/p>\n","protected":false},"featured_media":27000,"template":"","meta":{"_cloudinary_featured_overwrite":false},"product_cat":[15],"product_tag":[],"class_list":{"0":"post-27001","1":"product","2":"type-product","3":"status-publish","4":"has-post-thumbnail","6":"product_cat-carros","7":"pa_ano-108","8":"pa_cambio-manual","9":"pa_combustivel-flex","10":"pa_cor-preta","11":"pa_km-2016","12":"pa_marca-ford","13":"pa_modelo-ecosport-4wd-2-0-2-0-flex-16v-5p","14":"pa_placa-dvt-4f78","15":"pa_portas-26","17":"first","18":"instock","19":"shipping-taxable","20":"purchasable","21":"product-type-simple"},"_links":{"self":[{"href":"https:\/\/pontoaautomoveis.com.br\/site\/wp-json\/wp\/v2\/product\/27001","targetHints":{"allow":["GET"]}}],"collection":[{"href":"https:\/\/pontoaautomoveis.com.br\/site\/wp-json\/wp\/v2\/product"}],"about":[{"href":"https:\/\/pontoaautomoveis.com.br\/site\/wp-json\/wp\/v2\/types\/product"}],"wp:featuredmedia":[{"embeddable":true,"href":"https:\/\/pontoaautomoveis.com.br\/site\/wp-json\/wp\/v2\/media\/27000"}],"wp:attachment":[{"href":"https:\/\/pontoaautomoveis.com.br\/site\/wp-json\/wp\/v2\/media?parent=27001"}],"wp:term":[{"taxonomy":"product_cat","embeddable":true,"href":"https:\/\/pontoaautomoveis.com.br\/site\/wp-json\/wp\/v2\/product_cat?post=27001"},{"taxonomy":"product_tag","embeddable":true,"href":"https:\/\/pontoaautomoveis.com.br\/site\/wp-json\/wp\/v2\/product_tag?post=27001"}],"curies":[{"name":"wp","href":"https:\/\/api.w.org\/{rel}","templated":true}]}}