{"id":27555,"date":"2026-01-30T19:55:53","date_gmt":"2026-01-30T19:55:53","guid":{"rendered":"https:\/\/pontoaautomoveis.com.br\/site\/produto\/fox-bluemotion-1-0-mi-total-flex-12v-5p\/"},"modified":"2026-01-30T19:55:58","modified_gmt":"2026-01-30T19:55:58","slug":"fox-bluemotion-1-0-mi-total-flex-12v-5p","status":"publish","type":"product","link":"https:\/\/pontoaautomoveis.com.br\/site\/produto\/fox-bluemotion-1-0-mi-total-flex-12v-5p\/","title":{"rendered":"Fox BLUEMOTION 1.0 Mi Total Flex 12V 5p"},"content":{"rendered":"<p><strong>Opcionais<\/strong>: <br \/>Airbag motorista<br \/>Airbag passageiro<br \/>Alarme<br \/>Ar Condicionado<br \/>Banco do Motorista com regulagem de altura<br \/>Banco traseiro rebat\u00edvel<br \/>Chave C\u00f3pia<br \/>Computador de Bordo<br \/>Desemba\u00e7ador Traseiro<br \/>Dire\u00e7\u00e3o Hidr\u00e1ulica<br \/>Encosto cab. traseiro<br \/>Freios ABS<br \/>Isofix<br \/>Limpador Traseiro<br \/>Porta copos<br \/>R\u00e1dio AM\/FM<br \/>R\u00e1dio com Bluetooth<br \/>Regulagem de Volante<br \/>Vidros el\u00e9tricos<\/p>\n","protected":false},"excerpt":{"rendered":"<p>IMPEC\u00c1VEL, BAIXA KM, COMPLETO, LAUDO CAUTELAR 100% APROVADO!!!!<\/p>\n","protected":false},"featured_media":27554,"template":"","meta":{"_cloudinary_featured_overwrite":false},"product_cat":[15],"product_tag":[],"class_list":{"0":"post-27555","1":"product","2":"type-product","3":"status-publish","4":"has-post-thumbnail","6":"product_cat-carros","7":"pa_ano-132","8":"pa_cambio-manual","9":"pa_combustivel-flex","10":"pa_cor-branca","11":"pa_km-1044","12":"pa_marca-volkswagen","13":"pa_modelo-fox-bluemotion-1-0-mi-total-flex-12v-5p","14":"pa_placa-mkz-7959","15":"pa_portas-26","17":"first","18":"instock","19":"shipping-taxable","20":"purchasable","21":"product-type-simple"},"_links":{"self":[{"href":"https:\/\/pontoaautomoveis.com.br\/site\/wp-json\/wp\/v2\/product\/27555","targetHints":{"allow":["GET"]}}],"collection":[{"href":"https:\/\/pontoaautomoveis.com.br\/site\/wp-json\/wp\/v2\/product"}],"about":[{"href":"https:\/\/pontoaautomoveis.com.br\/site\/wp-json\/wp\/v2\/types\/product"}],"wp:featuredmedia":[{"embeddable":true,"href":"https:\/\/pontoaautomoveis.com.br\/site\/wp-json\/wp\/v2\/media\/27554"}],"wp:attachment":[{"href":"https:\/\/pontoaautomoveis.com.br\/site\/wp-json\/wp\/v2\/media?parent=27555"}],"wp:term":[{"taxonomy":"product_cat","embeddable":true,"href":"https:\/\/pontoaautomoveis.com.br\/site\/wp-json\/wp\/v2\/product_cat?post=27555"},{"taxonomy":"product_tag","embeddable":true,"href":"https:\/\/pontoaautomoveis.com.br\/site\/wp-json\/wp\/v2\/product_tag?post=27555"}],"curies":[{"name":"wp","href":"https:\/\/api.w.org\/{rel}","templated":true}]}}