{"id":27806,"date":"2026-02-20T12:25:39","date_gmt":"2026-02-20T12:25:39","guid":{"rendered":"https:\/\/pontoaautomoveis.com.br\/site\/produto\/corolla-fielder-sw-1-8-1-8-xei-flex-aut\/"},"modified":"2026-04-08T15:51:53","modified_gmt":"2026-04-08T15:51:53","slug":"corolla-fielder-sw-1-8-1-8-xei-flex-aut","status":"publish","type":"product","link":"https:\/\/pontoaautomoveis.com.br\/site\/produto\/corolla-fielder-sw-1-8-1-8-xei-flex-aut\/","title":{"rendered":"Corolla Fielder SW 1.8 1.8 XEi Flex Aut."},"content":{"rendered":"<p><strong>Opcionais<\/strong>: <br \/>Ar Condicionado<br \/>Dire\u00e7\u00e3o Hidr\u00e1ulica<br \/>Freios ABS<br \/>Kit Multim\u00eddia<br \/>Travas El\u00e9tricas<\/p>\n","protected":false},"excerpt":{"rendered":"<p>Opcionais: Ar CondicionadoDire&ccedil;&atilde;o Hidr&aacute;ulicaFreios ABSKit Multim&iacute;diaTravas El&eacute;tricas<\/p>\n","protected":false},"featured_media":28305,"template":"","meta":{"_cloudinary_featured_overwrite":false},"product_cat":[15],"product_tag":[],"class_list":{"0":"post-27806","1":"product","2":"type-product","3":"status-publish","4":"has-post-thumbnail","6":"product_cat-carros","7":"pa_ano-214","8":"pa_combustivel-gasolina","9":"pa_cor-preta","10":"pa_km-2074","11":"pa_marca-toyota","12":"pa_modelo-corolla-fielder-sw-1-8-1-8-xei-flex-aut","13":"pa_placa-euy-8h78","14":"pa_portas-26","16":"first","17":"instock","18":"shipping-taxable","19":"purchasable","20":"product-type-simple"},"_links":{"self":[{"href":"https:\/\/pontoaautomoveis.com.br\/site\/wp-json\/wp\/v2\/product\/27806","targetHints":{"allow":["GET"]}}],"collection":[{"href":"https:\/\/pontoaautomoveis.com.br\/site\/wp-json\/wp\/v2\/product"}],"about":[{"href":"https:\/\/pontoaautomoveis.com.br\/site\/wp-json\/wp\/v2\/types\/product"}],"wp:featuredmedia":[{"embeddable":true,"href":"https:\/\/pontoaautomoveis.com.br\/site\/wp-json\/wp\/v2\/media\/28305"}],"wp:attachment":[{"href":"https:\/\/pontoaautomoveis.com.br\/site\/wp-json\/wp\/v2\/media?parent=27806"}],"wp:term":[{"taxonomy":"product_cat","embeddable":true,"href":"https:\/\/pontoaautomoveis.com.br\/site\/wp-json\/wp\/v2\/product_cat?post=27806"},{"taxonomy":"product_tag","embeddable":true,"href":"https:\/\/pontoaautomoveis.com.br\/site\/wp-json\/wp\/v2\/product_tag?post=27806"}],"curies":[{"name":"wp","href":"https:\/\/api.w.org\/{rel}","templated":true}]}}