{"id":27852,"date":"2026-02-25T12:40:35","date_gmt":"2026-02-25T12:40:35","guid":{"rendered":"https:\/\/pontoaautomoveis.com.br\/site\/produto\/focus-1-6-s-se-se-plus-flex-8v-16v-5p\/"},"modified":"2026-03-06T11:33:26","modified_gmt":"2026-03-06T11:33:26","slug":"focus-1-6-s-se-se-plus-flex-8v-16v-5p","status":"publish","type":"product","link":"https:\/\/pontoaautomoveis.com.br\/site\/produto\/focus-1-6-s-se-se-plus-flex-8v-16v-5p\/","title":{"rendered":"Focus 1.6 S SE SE Plus Flex 8V 16V  5p"},"content":{"rendered":"<p><strong>Opcionais<\/strong>: <br \/>Dire\u00e7\u00e3o Hidr\u00e1ulica<br \/>Freios ABS<br \/>Travas El\u00e9tricas<br \/>Vidros el\u00e9tricos<\/p>\n","protected":false},"excerpt":{"rendered":"<p>Opcionais: Dire&ccedil;&atilde;o Hidr&aacute;ulicaFreios ABSTravas El&eacute;tricasVidros el&eacute;tricos<\/p>\n","protected":false},"featured_media":28037,"template":"","meta":{"_cloudinary_featured_overwrite":false},"product_cat":[15],"product_tag":[],"class_list":{"0":"post-27852","1":"product","2":"type-product","3":"status-publish","4":"has-post-thumbnail","6":"product_cat-carros","7":"pa_ano-112","8":"pa_cambio-manual","9":"pa_combustivel-flex","10":"pa_cor-prata","11":"pa_km-2102","12":"pa_marca-ford","13":"pa_modelo-focus-1-6-s-se-se-plus-flex-8v-16v-5p","14":"pa_placa-itr-0h51","15":"pa_portas-26","17":"first","18":"instock","19":"shipping-taxable","20":"purchasable","21":"product-type-simple"},"_links":{"self":[{"href":"https:\/\/pontoaautomoveis.com.br\/site\/wp-json\/wp\/v2\/product\/27852","targetHints":{"allow":["GET"]}}],"collection":[{"href":"https:\/\/pontoaautomoveis.com.br\/site\/wp-json\/wp\/v2\/product"}],"about":[{"href":"https:\/\/pontoaautomoveis.com.br\/site\/wp-json\/wp\/v2\/types\/product"}],"wp:featuredmedia":[{"embeddable":true,"href":"https:\/\/pontoaautomoveis.com.br\/site\/wp-json\/wp\/v2\/media\/28037"}],"wp:attachment":[{"href":"https:\/\/pontoaautomoveis.com.br\/site\/wp-json\/wp\/v2\/media?parent=27852"}],"wp:term":[{"taxonomy":"product_cat","embeddable":true,"href":"https:\/\/pontoaautomoveis.com.br\/site\/wp-json\/wp\/v2\/product_cat?post=27852"},{"taxonomy":"product_tag","embeddable":true,"href":"https:\/\/pontoaautomoveis.com.br\/site\/wp-json\/wp\/v2\/product_tag?post=27852"}],"curies":[{"name":"wp","href":"https:\/\/api.w.org\/{rel}","templated":true}]}}