{"id":27887,"date":"2026-02-26T16:56:39","date_gmt":"2026-02-26T16:56:39","guid":{"rendered":"https:\/\/pontoaautomoveis.com.br\/site\/produto\/aircross-glx-1-6-flex-16v-5p-mec\/"},"modified":"2026-04-07T13:04:56","modified_gmt":"2026-04-07T13:04:56","slug":"aircross-glx-1-6-flex-16v-5p-mec","status":"publish","type":"product","link":"https:\/\/pontoaautomoveis.com.br\/site\/produto\/aircross-glx-1-6-flex-16v-5p-mec\/","title":{"rendered":"AIRCROSS GLX 1.6 Flex 16V 5p Mec."},"content":{"rendered":"<p><strong>Opcionais<\/strong>: <br \/>Ar Condicionado<br \/>Dire\u00e7\u00e3o Hidr\u00e1ulica<br \/>Travas El\u00e9tricas<br \/>Vidros el\u00e9tricos<\/p>\n","protected":false},"excerpt":{"rendered":"<p>Ve\u00edculo todo revisado, 4 pneus Dunlop zeros, estepe sem uso.<br \/>\nNADA PRA FAZER!!!!<\/p>\n","protected":false},"featured_media":28297,"template":"","meta":{"_cloudinary_featured_overwrite":false},"product_cat":[15],"product_tag":[],"class_list":{"0":"post-27887","1":"product","2":"type-product","3":"status-publish","4":"has-post-thumbnail","6":"product_cat-carros","7":"pa_ano-27","8":"pa_combustivel-flex","9":"pa_cor-branca","10":"pa_km-2083","11":"pa_marca-citroen","12":"pa_modelo-aircross-glx-1-6-flex-16v-5p-mec","13":"pa_placa-nwd-5c58","14":"pa_portas-26","16":"first","17":"instock","18":"shipping-taxable","19":"purchasable","20":"product-type-simple"},"_links":{"self":[{"href":"https:\/\/pontoaautomoveis.com.br\/site\/wp-json\/wp\/v2\/product\/27887","targetHints":{"allow":["GET"]}}],"collection":[{"href":"https:\/\/pontoaautomoveis.com.br\/site\/wp-json\/wp\/v2\/product"}],"about":[{"href":"https:\/\/pontoaautomoveis.com.br\/site\/wp-json\/wp\/v2\/types\/product"}],"wp:featuredmedia":[{"embeddable":true,"href":"https:\/\/pontoaautomoveis.com.br\/site\/wp-json\/wp\/v2\/media\/28297"}],"wp:attachment":[{"href":"https:\/\/pontoaautomoveis.com.br\/site\/wp-json\/wp\/v2\/media?parent=27887"}],"wp:term":[{"taxonomy":"product_cat","embeddable":true,"href":"https:\/\/pontoaautomoveis.com.br\/site\/wp-json\/wp\/v2\/product_cat?post=27887"},{"taxonomy":"product_tag","embeddable":true,"href":"https:\/\/pontoaautomoveis.com.br\/site\/wp-json\/wp\/v2\/product_tag?post=27887"}],"curies":[{"name":"wp","href":"https:\/\/api.w.org\/{rel}","templated":true}]}}