{"id":27939,"date":"2026-03-04T11:34:45","date_gmt":"2026-03-04T11:34:45","guid":{"rendered":"https:\/\/pontoaautomoveis.com.br\/site\/produto\/corsa-sed-premium-1-4-8v-econoflex-4p\/"},"modified":"2026-03-06T19:13:24","modified_gmt":"2026-03-06T19:13:24","slug":"corsa-sed-premium-1-4-8v-econoflex-4p","status":"publish","type":"product","link":"https:\/\/pontoaautomoveis.com.br\/site\/produto\/corsa-sed-premium-1-4-8v-econoflex-4p\/","title":{"rendered":"Corsa Sed. Premium 1.4 8V ECONOFLEX 4p"},"content":{"rendered":"<p><strong>Opcionais<\/strong>: <br \/>Dire\u00e7\u00e3o Hidr\u00e1ulica<br \/>Travas El\u00e9tricas<br \/>Vidros el\u00e9tricos<\/p>\n","protected":false},"excerpt":{"rendered":"<p>laudo cautelar aprovado com apontamento<\/p>\n","protected":false},"featured_media":28053,"template":"","meta":{"_cloudinary_featured_overwrite":false},"product_cat":[15],"product_tag":[],"class_list":{"0":"post-27939","1":"product","2":"type-product","3":"status-publish","4":"has-post-thumbnail","6":"product_cat-carros","7":"pa_ano-80","8":"pa_cambio-manual","9":"pa_combustivel-flex","10":"pa_cor-cinza","11":"pa_km-2090","12":"pa_marca-chevrolet","13":"pa_modelo-corsa-sed-premium-1-4-8v-econoflex-4p","14":"pa_placa-ekv-1d56","15":"pa_portas-26","17":"first","18":"instock","19":"shipping-taxable","20":"purchasable","21":"product-type-simple"},"_links":{"self":[{"href":"https:\/\/pontoaautomoveis.com.br\/site\/wp-json\/wp\/v2\/product\/27939","targetHints":{"allow":["GET"]}}],"collection":[{"href":"https:\/\/pontoaautomoveis.com.br\/site\/wp-json\/wp\/v2\/product"}],"about":[{"href":"https:\/\/pontoaautomoveis.com.br\/site\/wp-json\/wp\/v2\/types\/product"}],"wp:featuredmedia":[{"embeddable":true,"href":"https:\/\/pontoaautomoveis.com.br\/site\/wp-json\/wp\/v2\/media\/28053"}],"wp:attachment":[{"href":"https:\/\/pontoaautomoveis.com.br\/site\/wp-json\/wp\/v2\/media?parent=27939"}],"wp:term":[{"taxonomy":"product_cat","embeddable":true,"href":"https:\/\/pontoaautomoveis.com.br\/site\/wp-json\/wp\/v2\/product_cat?post=27939"},{"taxonomy":"product_tag","embeddable":true,"href":"https:\/\/pontoaautomoveis.com.br\/site\/wp-json\/wp\/v2\/product_tag?post=27939"}],"curies":[{"name":"wp","href":"https:\/\/api.w.org\/{rel}","templated":true}]}}