{"id":28288,"date":"2026-03-27T18:25:16","date_gmt":"2026-03-27T18:25:16","guid":{"rendered":"https:\/\/pontoaautomoveis.com.br\/site\/produto\/cobalt-ltz-1-8-8v-econo-flex-4p-mec-2\/"},"modified":"2026-04-22T14:32:24","modified_gmt":"2026-04-22T14:32:24","slug":"cobalt-ltz-1-8-8v-econo-flex-4p-mec-2","status":"publish","type":"product","link":"https:\/\/pontoaautomoveis.com.br\/site\/produto\/cobalt-ltz-1-8-8v-econo-flex-4p-mec-2\/","title":{"rendered":"COBALT LTZ 1.8 8V Econo.Flex 4p Mec."},"content":{"rendered":"<p><strong>Opcionais<\/strong>: <br \/>Airbag passageiro<br \/>Ar Condicionado<br \/>Desemba\u00e7ador Traseiro<br \/>Dire\u00e7\u00e3o Hidr\u00e1ulica<br \/>Rodas de liga leve<br \/>Travas El\u00e9tricas<br \/>Vidros el\u00e9tricos<\/p>\n","protected":false},"excerpt":{"rendered":"<p>Opcionais: Airbag passageiroAr CondicionadoDesemba&ccedil;ador TraseiroDire&ccedil;&atilde;o Hidr&aacute;ulicaRodas de liga leveTravas El&eacute;tricasVidros el&eacute;tricos<\/p>\n","protected":false},"featured_media":28473,"template":"","meta":{"_cloudinary_featured_overwrite":false},"product_cat":[15],"product_tag":[],"class_list":{"0":"post-28288","1":"product","2":"type-product","3":"status-publish","4":"has-post-thumbnail","6":"product_cat-carros","7":"pa_ano-52","8":"pa_cambio-manual","9":"pa_combustivel-flex","10":"pa_cor-prata","11":"pa_km-921","12":"pa_marca-chevrolet","13":"pa_modelo-cobalt-ltz-1-8-8v-econo-flex-4p-mec","14":"pa_placa-fue-9g22","15":"pa_portas-26","17":"first","18":"instock","19":"shipping-taxable","20":"purchasable","21":"product-type-simple"},"_links":{"self":[{"href":"https:\/\/pontoaautomoveis.com.br\/site\/wp-json\/wp\/v2\/product\/28288","targetHints":{"allow":["GET"]}}],"collection":[{"href":"https:\/\/pontoaautomoveis.com.br\/site\/wp-json\/wp\/v2\/product"}],"about":[{"href":"https:\/\/pontoaautomoveis.com.br\/site\/wp-json\/wp\/v2\/types\/product"}],"wp:featuredmedia":[{"embeddable":true,"href":"https:\/\/pontoaautomoveis.com.br\/site\/wp-json\/wp\/v2\/media\/28473"}],"wp:attachment":[{"href":"https:\/\/pontoaautomoveis.com.br\/site\/wp-json\/wp\/v2\/media?parent=28288"}],"wp:term":[{"taxonomy":"product_cat","embeddable":true,"href":"https:\/\/pontoaautomoveis.com.br\/site\/wp-json\/wp\/v2\/product_cat?post=28288"},{"taxonomy":"product_tag","embeddable":true,"href":"https:\/\/pontoaautomoveis.com.br\/site\/wp-json\/wp\/v2\/product_tag?post=28288"}],"curies":[{"name":"wp","href":"https:\/\/api.w.org\/{rel}","templated":true}]}}