{"id":28334,"date":"2026-04-09T20:35:27","date_gmt":"2026-04-09T20:35:27","guid":{"rendered":"https:\/\/pontoaautomoveis.com.br\/site\/produto\/onix-hatch-ls-1-0-8v-flexpower-5p-mec\/"},"modified":"2026-04-09T20:35:29","modified_gmt":"2026-04-09T20:35:29","slug":"onix-hatch-ls-1-0-8v-flexpower-5p-mec","status":"publish","type":"product","link":"https:\/\/pontoaautomoveis.com.br\/site\/produto\/onix-hatch-ls-1-0-8v-flexpower-5p-mec\/","title":{"rendered":"ONIX HATCH LS 1.0 8V FlexPower 5p Mec."},"content":{"rendered":"<p><strong>Opcionais<\/strong>: <br \/>Ar Condicionado<br \/>Dire\u00e7\u00e3o Hidr\u00e1ulica<br \/>Freios ABS<br \/>Travas El\u00e9tricas<br \/>Vidros el\u00e9tricos<\/p>\n","protected":false},"excerpt":{"rendered":"<p>Opcionais: Ar CondicionadoDire&ccedil;&atilde;o Hidr&aacute;ulicaFreios ABSTravas El&eacute;tricasVidros el&eacute;tricos<\/p>\n","protected":false},"featured_media":28333,"template":"","meta":{"_cloudinary_featured_overwrite":false},"product_cat":[15],"product_tag":[],"class_list":{"0":"post-28334","1":"product","2":"type-product","3":"status-publish","4":"has-post-thumbnail","6":"product_cat-carros","7":"pa_ano-18","8":"pa_combustivel-flex","9":"pa_cor-branca","10":"pa_km-117","11":"pa_marca-chevrolet","12":"pa_modelo-onix-hatch-ls-1-0-8v-flexpower-5p-mec","13":"pa_placa-gcd-3g60","14":"pa_portas-26","16":"first","17":"instock","18":"shipping-taxable","19":"purchasable","20":"product-type-simple"},"_links":{"self":[{"href":"https:\/\/pontoaautomoveis.com.br\/site\/wp-json\/wp\/v2\/product\/28334","targetHints":{"allow":["GET"]}}],"collection":[{"href":"https:\/\/pontoaautomoveis.com.br\/site\/wp-json\/wp\/v2\/product"}],"about":[{"href":"https:\/\/pontoaautomoveis.com.br\/site\/wp-json\/wp\/v2\/types\/product"}],"wp:featuredmedia":[{"embeddable":true,"href":"https:\/\/pontoaautomoveis.com.br\/site\/wp-json\/wp\/v2\/media\/28333"}],"wp:attachment":[{"href":"https:\/\/pontoaautomoveis.com.br\/site\/wp-json\/wp\/v2\/media?parent=28334"}],"wp:term":[{"taxonomy":"product_cat","embeddable":true,"href":"https:\/\/pontoaautomoveis.com.br\/site\/wp-json\/wp\/v2\/product_cat?post=28334"},{"taxonomy":"product_tag","embeddable":true,"href":"https:\/\/pontoaautomoveis.com.br\/site\/wp-json\/wp\/v2\/product_tag?post=28334"}],"curies":[{"name":"wp","href":"https:\/\/api.w.org\/{rel}","templated":true}]}}