{"id":28343,"date":"2026-04-10T12:45:17","date_gmt":"2026-04-10T12:45:17","guid":{"rendered":"https:\/\/pontoaautomoveis.com.br\/site\/produto\/classic-life-ls-1-0-vhc-flexp-4p\/"},"modified":"2026-04-10T15:23:30","modified_gmt":"2026-04-10T15:23:30","slug":"classic-life-ls-1-0-vhc-flexp-4p","status":"publish","type":"product","link":"https:\/\/pontoaautomoveis.com.br\/site\/produto\/classic-life-ls-1-0-vhc-flexp-4p\/","title":{"rendered":"Classic Life LS 1.0 VHC FlexP. 4p"},"content":{"rendered":"<p><strong>Opcionais<\/strong>: <br \/>Alarme<br \/>Dire\u00e7\u00e3o Hidr\u00e1ulica<\/p>\n","protected":false},"excerpt":{"rendered":"<p>Opcionais: AlarmeDire&ccedil;&atilde;o Hidr&aacute;ulica<\/p>\n","protected":false},"featured_media":28362,"template":"","meta":{"_cloudinary_featured_overwrite":false},"product_cat":[15],"product_tag":[],"class_list":{"0":"post-28343","1":"product","2":"type-product","3":"status-publish","4":"has-post-thumbnail","6":"product_cat-carros","7":"pa_ano-27","8":"pa_cambio-manual","9":"pa_combustivel-flex","10":"pa_cor-prata","11":"pa_km-363","12":"pa_marca-chevrolet","13":"pa_modelo-classic-life-ls-1-0-vhc-flexp-4p","14":"pa_placa-ezt-3g22","15":"pa_portas-26","17":"first","18":"instock","19":"shipping-taxable","20":"purchasable","21":"product-type-simple"},"_links":{"self":[{"href":"https:\/\/pontoaautomoveis.com.br\/site\/wp-json\/wp\/v2\/product\/28343","targetHints":{"allow":["GET"]}}],"collection":[{"href":"https:\/\/pontoaautomoveis.com.br\/site\/wp-json\/wp\/v2\/product"}],"about":[{"href":"https:\/\/pontoaautomoveis.com.br\/site\/wp-json\/wp\/v2\/types\/product"}],"wp:featuredmedia":[{"embeddable":true,"href":"https:\/\/pontoaautomoveis.com.br\/site\/wp-json\/wp\/v2\/media\/28362"}],"wp:attachment":[{"href":"https:\/\/pontoaautomoveis.com.br\/site\/wp-json\/wp\/v2\/media?parent=28343"}],"wp:term":[{"taxonomy":"product_cat","embeddable":true,"href":"https:\/\/pontoaautomoveis.com.br\/site\/wp-json\/wp\/v2\/product_cat?post=28343"},{"taxonomy":"product_tag","embeddable":true,"href":"https:\/\/pontoaautomoveis.com.br\/site\/wp-json\/wp\/v2\/product_tag?post=28343"}],"curies":[{"name":"wp","href":"https:\/\/api.w.org\/{rel}","templated":true}]}}