{"id":28416,"date":"2026-04-14T20:59:16","date_gmt":"2026-04-14T20:59:16","guid":{"rendered":"https:\/\/pontoaautomoveis.com.br\/site\/produto\/civic-sedan-lxs-1-8-1-8-flex-16v-mec-4p\/"},"modified":"2026-04-14T20:59:19","modified_gmt":"2026-04-14T20:59:19","slug":"civic-sedan-lxs-1-8-1-8-flex-16v-mec-4p","status":"publish","type":"product","link":"https:\/\/pontoaautomoveis.com.br\/site\/produto\/civic-sedan-lxs-1-8-1-8-flex-16v-mec-4p\/","title":{"rendered":"Civic Sedan LXS 1.8 1.8 Flex 16V Mec. 4p"},"content":{"rendered":"<p><strong>Opcionais<\/strong>: <br \/>Ar Condicionado<br \/>Bancos de Couro<br \/>Chave Reserva<br \/>Desemba\u00e7ador Traseiro<br \/>Dire\u00e7\u00e3o Hidr\u00e1ulica<br \/>Far\u00f3is de neblina dianteiros<br \/>Kit Multim\u00eddia<br \/>Painel Digital<br \/>Retrovisores el\u00e9tricos<br \/>Rodas de liga leve<br \/>Travas El\u00e9tricas<br \/>Vidros el\u00e9tricos<\/p>\n","protected":false},"excerpt":{"rendered":"<p>Opcionais: Ar CondicionadoBancos de CouroChave ReservaDesemba&ccedil;ador TraseiroDire&ccedil;&atilde;o Hidr&aacute;ulicaFar&oacute;is de neblina dianteirosKit Multim&iacute;diaPainel DigitalRetrovisores el&eacute;tricosRodas de liga leveTravas El&eacute;tricasVidros el&eacute;tricos<\/p>\n","protected":false},"featured_media":28415,"template":"","meta":{"_cloudinary_featured_overwrite":false},"product_cat":[15],"product_tag":[],"class_list":{"0":"post-28416","1":"product","2":"type-product","3":"status-publish","4":"has-post-thumbnail","6":"product_cat-carros","7":"pa_ano-144","8":"pa_cambio-manual","9":"pa_combustivel-flex","10":"pa_cor-preta","11":"pa_km-2126","12":"pa_marca-honda","13":"pa_modelo-civic-sedan-lxs-1-8-1-8-flex-16v-mec-4p","14":"pa_placa-dxc-2316","15":"pa_portas-26","17":"first","18":"instock","19":"shipping-taxable","20":"purchasable","21":"product-type-simple"},"_links":{"self":[{"href":"https:\/\/pontoaautomoveis.com.br\/site\/wp-json\/wp\/v2\/product\/28416","targetHints":{"allow":["GET"]}}],"collection":[{"href":"https:\/\/pontoaautomoveis.com.br\/site\/wp-json\/wp\/v2\/product"}],"about":[{"href":"https:\/\/pontoaautomoveis.com.br\/site\/wp-json\/wp\/v2\/types\/product"}],"wp:featuredmedia":[{"embeddable":true,"href":"https:\/\/pontoaautomoveis.com.br\/site\/wp-json\/wp\/v2\/media\/28415"}],"wp:attachment":[{"href":"https:\/\/pontoaautomoveis.com.br\/site\/wp-json\/wp\/v2\/media?parent=28416"}],"wp:term":[{"taxonomy":"product_cat","embeddable":true,"href":"https:\/\/pontoaautomoveis.com.br\/site\/wp-json\/wp\/v2\/product_cat?post=28416"},{"taxonomy":"product_tag","embeddable":true,"href":"https:\/\/pontoaautomoveis.com.br\/site\/wp-json\/wp\/v2\/product_tag?post=28416"}],"curies":[{"name":"wp","href":"https:\/\/api.w.org\/{rel}","templated":true}]}}