{"id":28524,"date":"2026-04-29T11:29:36","date_gmt":"2026-04-29T11:29:36","guid":{"rendered":"https:\/\/pontoaautomoveis.com.br\/site\/produto\/punto-elx-1-4-fire-flex-8v-5p\/"},"modified":"2026-04-29T11:29:38","modified_gmt":"2026-04-29T11:29:38","slug":"punto-elx-1-4-fire-flex-8v-5p","status":"publish","type":"product","link":"https:\/\/pontoaautomoveis.com.br\/site\/produto\/punto-elx-1-4-fire-flex-8v-5p\/","title":{"rendered":"Punto  ELX 1.4 Fire Flex 8V 5p"},"content":{"rendered":"<p><strong>Opcionais<\/strong>: <br \/>Ar Condicionado<br \/>Banco do Motorista com regulagem de altura<br \/>Desemba\u00e7ador Traseiro<br \/>Dire\u00e7\u00e3o Hidr\u00e1ulica<br \/>Limpador Traseiro<br \/>Parachoque na Cor<br \/>Rodas de liga leve<br \/>Travas El\u00e9tricas<br \/>Vidros el\u00e9tricos<\/p>\n","protected":false},"excerpt":{"rendered":"<p>Opcionais: Ar CondicionadoBanco do Motorista com regulagem de alturaDesemba&ccedil;ador TraseiroDire&ccedil;&atilde;o Hidr&aacute;ulicaLimpador TraseiroParachoque na CorRodas de liga leveTravas El&eacute;tricasVidros el&eacute;tricos<\/p>\n","protected":false},"featured_media":28523,"template":"","meta":{"_cloudinary_featured_overwrite":false},"product_cat":[15],"product_tag":[],"class_list":{"0":"post-28524","1":"product","2":"type-product","3":"status-publish","4":"has-post-thumbnail","6":"product_cat-carros","7":"pa_ano-34","8":"pa_cambio-manual","9":"pa_combustivel-flex","10":"pa_cor-prata","11":"pa_km-762","12":"pa_marca-fiat","13":"pa_modelo-punto-elx-1-4-fire-flex-8v-5p","14":"pa_placa-dzi-9322","15":"pa_portas-26","17":"first","18":"instock","19":"shipping-taxable","20":"purchasable","21":"product-type-simple"},"_links":{"self":[{"href":"https:\/\/pontoaautomoveis.com.br\/site\/wp-json\/wp\/v2\/product\/28524","targetHints":{"allow":["GET"]}}],"collection":[{"href":"https:\/\/pontoaautomoveis.com.br\/site\/wp-json\/wp\/v2\/product"}],"about":[{"href":"https:\/\/pontoaautomoveis.com.br\/site\/wp-json\/wp\/v2\/types\/product"}],"wp:featuredmedia":[{"embeddable":true,"href":"https:\/\/pontoaautomoveis.com.br\/site\/wp-json\/wp\/v2\/media\/28523"}],"wp:attachment":[{"href":"https:\/\/pontoaautomoveis.com.br\/site\/wp-json\/wp\/v2\/media?parent=28524"}],"wp:term":[{"taxonomy":"product_cat","embeddable":true,"href":"https:\/\/pontoaautomoveis.com.br\/site\/wp-json\/wp\/v2\/product_cat?post=28524"},{"taxonomy":"product_tag","embeddable":true,"href":"https:\/\/pontoaautomoveis.com.br\/site\/wp-json\/wp\/v2\/product_tag?post=28524"}],"curies":[{"name":"wp","href":"https:\/\/api.w.org\/{rel}","templated":true}]}}