{"id":28616,"date":"2026-05-07T12:03:09","date_gmt":"2026-05-07T12:03:09","guid":{"rendered":"https:\/\/pontoaautomoveis.com.br\/site\/produto\/onix-hatch-1-0-12v-flex-5p-mec\/"},"modified":"2026-05-07T12:03:15","modified_gmt":"2026-05-07T12:03:15","slug":"onix-hatch-1-0-12v-flex-5p-mec","status":"publish","type":"product","link":"https:\/\/pontoaautomoveis.com.br\/site\/produto\/onix-hatch-1-0-12v-flex-5p-mec\/","title":{"rendered":"ONIX HATCH 1.0 12V Flex 5p Mec."},"content":{"rendered":"<p><strong>Opcionais<\/strong>: <br \/>Airbag motorista<br \/>Airbag passageiro<br \/>Ar Condicionado<br \/>Desemba\u00e7ador Traseiro<br \/>Dire\u00e7\u00e3o Hidr\u00e1ulica<br \/>Freios ABS<br \/>Limpador Traseiro<br \/>Travas El\u00e9tricas<br \/>Vidros el\u00e9tricos<br \/>Volante multifuncional<\/p>\n","protected":false},"excerpt":{"rendered":"<p>*obs: ve\u00edculo com passagem leil\u00e3o financeiro<\/p>\n","protected":false},"featured_media":28615,"template":"","meta":{"_cloudinary_featured_overwrite":false},"product_cat":[15],"product_tag":[],"class_list":{"0":"post-28616","1":"product","2":"type-product","3":"status-publish","4":"has-post-thumbnail","6":"product_cat-carros","7":"pa_ano-1921","8":"pa_cambio-manual","9":"pa_combustivel-flex","10":"pa_cor-branca","11":"pa_km-2133","12":"pa_marca-chevrolet","13":"pa_modelo-onix-hatch-1-0-12v-flex-5p-mec","14":"pa_placa-fwu-0h42","15":"pa_portas-26","17":"first","18":"instock","19":"shipping-taxable","20":"purchasable","21":"product-type-simple"},"_links":{"self":[{"href":"https:\/\/pontoaautomoveis.com.br\/site\/wp-json\/wp\/v2\/product\/28616","targetHints":{"allow":["GET"]}}],"collection":[{"href":"https:\/\/pontoaautomoveis.com.br\/site\/wp-json\/wp\/v2\/product"}],"about":[{"href":"https:\/\/pontoaautomoveis.com.br\/site\/wp-json\/wp\/v2\/types\/product"}],"wp:featuredmedia":[{"embeddable":true,"href":"https:\/\/pontoaautomoveis.com.br\/site\/wp-json\/wp\/v2\/media\/28615"}],"wp:attachment":[{"href":"https:\/\/pontoaautomoveis.com.br\/site\/wp-json\/wp\/v2\/media?parent=28616"}],"wp:term":[{"taxonomy":"product_cat","embeddable":true,"href":"https:\/\/pontoaautomoveis.com.br\/site\/wp-json\/wp\/v2\/product_cat?post=28616"},{"taxonomy":"product_tag","embeddable":true,"href":"https:\/\/pontoaautomoveis.com.br\/site\/wp-json\/wp\/v2\/product_tag?post=28616"}],"curies":[{"name":"wp","href":"https:\/\/api.w.org\/{rel}","templated":true}]}}