{"id":28636,"date":"2026-05-11T21:08:29","date_gmt":"2026-05-11T21:08:29","guid":{"rendered":"https:\/\/pontoaautomoveis.com.br\/site\/produto\/corsa-hat-maxx-1-4-8v-econoflex-5p\/"},"modified":"2026-05-14T15:27:33","modified_gmt":"2026-05-14T15:27:33","slug":"corsa-hat-maxx-1-4-8v-econoflex-5p","status":"publish","type":"product","link":"https:\/\/pontoaautomoveis.com.br\/site\/produto\/corsa-hat-maxx-1-4-8v-econoflex-5p\/","title":{"rendered":"Corsa Hat. Maxx 1.4 8V ECONOFLEX 5p"},"content":{"rendered":"<p><strong>Opcionais<\/strong>: <br \/>Dire\u00e7\u00e3o Hidr\u00e1ulica<br \/>Kit Multim\u00eddia<br \/>Limpador Traseiro<br \/>Parachoque na Cor<br \/>Travas El\u00e9tricas<br \/>Vidros el\u00e9tricos<\/p>\n","protected":false},"excerpt":{"rendered":"<p>Opcionais: Dire&ccedil;&atilde;o Hidr&aacute;ulicaKit Multim&iacute;diaLimpador TraseiroParachoque na CorTravas El&eacute;tricasVidros el&eacute;tricos<\/p>\n","protected":false},"featured_media":28717,"template":"","meta":{"_cloudinary_featured_overwrite":false},"product_cat":[15],"product_tag":[],"class_list":{"0":"post-28636","1":"product","2":"type-product","3":"status-publish","4":"has-post-thumbnail","6":"product_cat-carros","7":"pa_ano-108","8":"pa_cambio-manual","9":"pa_combustivel-flex","10":"pa_cor-preta","11":"pa_km-215","12":"pa_marca-chevrolet","13":"pa_modelo-corsa-hat-maxx-1-4-8v-econoflex-5p","14":"pa_placa-erb-9a42","15":"pa_portas-26","17":"first","18":"instock","19":"shipping-taxable","20":"purchasable","21":"product-type-simple"},"_links":{"self":[{"href":"https:\/\/pontoaautomoveis.com.br\/site\/wp-json\/wp\/v2\/product\/28636","targetHints":{"allow":["GET"]}}],"collection":[{"href":"https:\/\/pontoaautomoveis.com.br\/site\/wp-json\/wp\/v2\/product"}],"about":[{"href":"https:\/\/pontoaautomoveis.com.br\/site\/wp-json\/wp\/v2\/types\/product"}],"wp:featuredmedia":[{"embeddable":true,"href":"https:\/\/pontoaautomoveis.com.br\/site\/wp-json\/wp\/v2\/media\/28717"}],"wp:attachment":[{"href":"https:\/\/pontoaautomoveis.com.br\/site\/wp-json\/wp\/v2\/media?parent=28636"}],"wp:term":[{"taxonomy":"product_cat","embeddable":true,"href":"https:\/\/pontoaautomoveis.com.br\/site\/wp-json\/wp\/v2\/product_cat?post=28636"},{"taxonomy":"product_tag","embeddable":true,"href":"https:\/\/pontoaautomoveis.com.br\/site\/wp-json\/wp\/v2\/product_tag?post=28636"}],"curies":[{"name":"wp","href":"https:\/\/api.w.org\/{rel}","templated":true}]}}