{"id":28728,"date":"2026-05-14T20:56:15","date_gmt":"2026-05-14T20:56:15","guid":{"rendered":"https:\/\/pontoaautomoveis.com.br\/site\/produto\/clio-authentique-1-0-1-0-hi-power-16v-3p\/"},"modified":"2026-05-14T20:56:21","modified_gmt":"2026-05-14T20:56:21","slug":"clio-authentique-1-0-1-0-hi-power-16v-3p","status":"publish","type":"product","link":"https:\/\/pontoaautomoveis.com.br\/site\/produto\/clio-authentique-1-0-1-0-hi-power-16v-3p\/","title":{"rendered":"Clio Authentique 1.0 1.0 Hi-Power 16V 3p"},"content":{"rendered":"<p><strong>Opcionais<\/strong>: <br \/>Airbag motorista<br \/>Airbag passageiro<br \/>Ar Condicionado<br \/>Ar Quente<br \/>Desemba\u00e7ador Traseiro<br \/>Dire\u00e7\u00e3o Hidr\u00e1ulica<br \/>Freios ABS<br \/>Limpador Traseiro<br \/>Parachoque na Cor<br \/>Travas El\u00e9tricas<br \/>Vidros el\u00e9tricos<\/p>\n","protected":false},"excerpt":{"rendered":"<p>Opcionais: Airbag motoristaAirbag passageiroAr CondicionadoAr QuenteDesemba&ccedil;ador TraseiroDire&ccedil;&atilde;o Hidr&aacute;ulicaFreios ABSLimpador TraseiroParachoque na CorTravas El&eacute;tricasVidros el&eacute;tricos<\/p>\n","protected":false},"featured_media":28727,"template":"","meta":{"_cloudinary_featured_overwrite":false},"product_cat":[15],"product_tag":[],"class_list":{"0":"post-28728","1":"product","2":"type-product","3":"status-publish","4":"has-post-thumbnail","6":"product_cat-carros","7":"pa_ano-52","8":"pa_cambio-manual","9":"pa_combustivel-flex","10":"pa_cor-vermelha","11":"pa_km-626","12":"pa_marca-renault","13":"pa_modelo-clio-authentique-1-0-1-0-hi-power-16v-3p","14":"pa_placa-fcc-5j11","15":"pa_portas-26","17":"first","18":"instock","19":"shipping-taxable","20":"purchasable","21":"product-type-simple"},"_links":{"self":[{"href":"https:\/\/pontoaautomoveis.com.br\/site\/wp-json\/wp\/v2\/product\/28728","targetHints":{"allow":["GET"]}}],"collection":[{"href":"https:\/\/pontoaautomoveis.com.br\/site\/wp-json\/wp\/v2\/product"}],"about":[{"href":"https:\/\/pontoaautomoveis.com.br\/site\/wp-json\/wp\/v2\/types\/product"}],"wp:featuredmedia":[{"embeddable":true,"href":"https:\/\/pontoaautomoveis.com.br\/site\/wp-json\/wp\/v2\/media\/28727"}],"wp:attachment":[{"href":"https:\/\/pontoaautomoveis.com.br\/site\/wp-json\/wp\/v2\/media?parent=28728"}],"wp:term":[{"taxonomy":"product_cat","embeddable":true,"href":"https:\/\/pontoaautomoveis.com.br\/site\/wp-json\/wp\/v2\/product_cat?post=28728"},{"taxonomy":"product_tag","embeddable":true,"href":"https:\/\/pontoaautomoveis.com.br\/site\/wp-json\/wp\/v2\/product_tag?post=28728"}],"curies":[{"name":"wp","href":"https:\/\/api.w.org\/{rel}","templated":true}]}}