{"id":28739,"date":"2026-05-15T17:28:16","date_gmt":"2026-05-15T17:28:16","guid":{"rendered":"https:\/\/pontoaautomoveis.com.br\/site\/produto\/palio-1-0-trofeo-1-0-fire-fire-flex-4p\/"},"modified":"2026-05-15T17:28:22","modified_gmt":"2026-05-15T17:28:22","slug":"palio-1-0-trofeo-1-0-fire-fire-flex-4p","status":"publish","type":"product","link":"https:\/\/pontoaautomoveis.com.br\/site\/produto\/palio-1-0-trofeo-1-0-fire-fire-flex-4p\/","title":{"rendered":"Palio 1.0  Trofeo 1.0 Fire  Fire Flex 4p"},"content":{"rendered":"<p><strong>Opcionais<\/strong>: <br \/>Airbag motorista<br \/>Airbag passageiro<br \/>Ar Condicionado<br \/>Ar Quente<br \/>Dire\u00e7\u00e3o Hidr\u00e1ulica<br \/>Freios ABS<br \/>Parachoque na Cor<br \/>R\u00e1dio AM\/FM<br \/>Travas El\u00e9tricas<br \/>Vidros el\u00e9tricos<\/p>\n","protected":false},"excerpt":{"rendered":"<p>Opcionais: Airbag motoristaAirbag passageiroAr CondicionadoAr QuenteDire&ccedil;&atilde;o Hidr&aacute;ulicaFreios ABSParachoque na CorR&aacute;dio AM\/FMTravas El&eacute;tricasVidros el&eacute;tricos<\/p>\n","protected":false},"featured_media":28738,"template":"","meta":{"_cloudinary_featured_overwrite":false},"product_cat":[15],"product_tag":[],"class_list":{"0":"post-28739","1":"product","2":"type-product","3":"status-publish","4":"has-post-thumbnail","6":"product_cat-carros","7":"pa_ano-52","8":"pa_cambio-manual","9":"pa_combustivel-flex","10":"pa_cor-branca","11":"pa_km-300","12":"pa_marca-fiat","13":"pa_modelo-palio-1-0-trofeo-1-0-fire-fire-flex-4p","14":"pa_placa-fvu-9i70","15":"pa_portas-26","17":"first","18":"instock","19":"shipping-taxable","20":"purchasable","21":"product-type-simple"},"_links":{"self":[{"href":"https:\/\/pontoaautomoveis.com.br\/site\/wp-json\/wp\/v2\/product\/28739","targetHints":{"allow":["GET"]}}],"collection":[{"href":"https:\/\/pontoaautomoveis.com.br\/site\/wp-json\/wp\/v2\/product"}],"about":[{"href":"https:\/\/pontoaautomoveis.com.br\/site\/wp-json\/wp\/v2\/types\/product"}],"wp:featuredmedia":[{"embeddable":true,"href":"https:\/\/pontoaautomoveis.com.br\/site\/wp-json\/wp\/v2\/media\/28738"}],"wp:attachment":[{"href":"https:\/\/pontoaautomoveis.com.br\/site\/wp-json\/wp\/v2\/media?parent=28739"}],"wp:term":[{"taxonomy":"product_cat","embeddable":true,"href":"https:\/\/pontoaautomoveis.com.br\/site\/wp-json\/wp\/v2\/product_cat?post=28739"},{"taxonomy":"product_tag","embeddable":true,"href":"https:\/\/pontoaautomoveis.com.br\/site\/wp-json\/wp\/v2\/product_tag?post=28739"}],"curies":[{"name":"wp","href":"https:\/\/api.w.org\/{rel}","templated":true}]}}